{"id":205,"date":"2025-01-15T19:42:31","date_gmt":"2025-01-15T18:42:31","guid":{"rendered":"https:\/\/www.itraza.com\/?page_id=205"},"modified":"2025-01-15T19:42:31","modified_gmt":"2025-01-15T18:42:31","slug":"terminos-y-condiciones","status":"publish","type":"page","link":"https:\/\/www.itraza.com\/?page_id=205","title":{"rendered":"T\u00e9rminos y condiciones"},"content":{"rendered":"\n<p>Las presentes Condiciones Generales (T\u00e9rminos y Condiciones) regulan el uso del Portal de Internet iTraza.com,  iTraza.es y todos los subdominios relativos a estas ra\u00edces, que ITC Calidad y Medio Ambiente S.L. (en adelante, ITC) pone a disposici\u00f3n de los usuarios de Internet (en adelante, el Portal). La utilizaci\u00f3n del Portal implica la aceptaci\u00f3n de las presentes Condiciones Generales, que el usuario debe leer cada vez que se proponga utilizar el Portal, porque tanto el Portal en s\u00ed como estas condiciones est\u00e1n sujetos a modificaciones.<\/p>\n\n\n\n<p>La p\u00e1gina web de ITC, tiene por objeto facilitar informaci\u00f3n relativa a sus actividades y a los servicios que ofrece, as\u00ed como proporcionar servicios de informaci\u00f3n a distancia para permitir ahorrar tiempo en desplazamientos y gestiones telef\u00f3nicas con las distintas \u00e1reas de ITC .<\/p>\n\n\n\n<p>Con esta p\u00e1gina web, ITC Calidad y Medio Ambiente S.L. pretende prestar un servicio \u00fatil, por lo que las sugerencias de los usuarios son bienvenidas. Pero si no est\u00e1 de acuerdo con alguna de las condiciones contenidas en este aviso, deber\u00e1 dejar de utilizar la p\u00e1gina web de ITC. El acceso a la misma implica la aceptaci\u00f3n de las mismas sin reservas. La utilizaci\u00f3n de determinados servicios ofrecidos en este sitio se regir\u00e1, adem\u00e1s, por las condiciones particulares previstas en cada caso, las cuales se entender\u00e1n aceptadas por el mero uso de tales servicios.<\/p>\n\n\n\n<p>A.) Informaci\u00f3n legal<\/p>\n\n\n\n<p>ITC Calidad y Medio Ambiente S.L. es una sociedad de nacionalidad espa\u00f1ola, con domicilio social en Camino de San Pedro 3, 09370, Gumiel de Hiz\u00e1n, Burgos, con CIF n\u00famero B-09384702 e inscrita en el Registro Mercantil de Burgos, Tomo 447, Libro 238, Folio 171.<\/p>\n\n\n\n<p>B.) Propiedad intelectual e industrial.<\/p>\n\n\n\n<p>Todos los contenidos del Portal (textos, fotograf\u00edas, im\u00e1genes, software, c\u00f3digos fuente, etc.), son propiedad intelectual de ITC o de terceros y no podr\u00e1n ser reproducidos, copiados, pegados, enlazados, transmitidos, distribuidos o manipulados de cualquier forma y con cualquier finalidad, sin la autorizaci\u00f3n previa y por escrito de ITC, manteniendo en todo momento el \u00abcopyright\u00bb intacto y cualquier otro indicador de la propiedad intelectual de los materiales o contenidos. Todo uso o modificaci\u00f3n del Material o de los Contenidos para cualquier otro fin distinto del autorizado en las Condiciones Generales ser\u00e1 considerado una violaci\u00f3n de las leyes internacionales del \u00abcopyright\u00bb, que protegen los derechos de autor.<\/p>\n\n\n\n<p>C.) Datos Personales.<\/p>\n\n\n\n<p>La utilizaci\u00f3n de ciertos servicios o solicitudes dirigidas a ITC est\u00e1n condicionadas a la previa cumplimentaci\u00f3n del correspondiente registro de Usuario.<\/p>\n\n\n\n<p>El usuario garantiza la autenticidad de todos aquellos datos que comunique y mantendr\u00e1 actualizada la informaci\u00f3n que facilite a ITC, de forma que responda, en todo momento, a su situaci\u00f3n real, siendo el \u00fanico responsable de las manifestaciones falsas o inexactas que realice y de los perjuicios que cause por ello a ITC o a terceros. Los datos personales aportados voluntariamente por el usuario se conservan en un fichero, cuyo responsable es ITC Calidad y Medio Ambiente S.L., con domicilio en Camino de San Pedro 3, 09370, Gumiel de Hiz\u00e1n, Burgos. La finalidad de tal fichero es registrar a los usuarios de internet y gestionar su participaci\u00f3n en las diferentes secciones del portal y sus respectivas p\u00e1ginas, de las que es titular ITC Calidad y Medio Ambiente S.L. y hacer posible el env\u00edo de promociones comerciales que puedan resultar de su inter\u00e9s.<\/p>\n\n\n\n<p>El ejercicio de los derechos de acceso, rectificaci\u00f3n, oposici\u00f3n y cancelaci\u00f3n (regulados en el art\u00edculo 5 de la Ley 15\/99 de 13 de Diciembre de Protecci\u00f3n de Datos de Car\u00e1cter Personal), deber\u00e1 realizarse ante la Oficina de Consulta de Ficheros Automatizados de ITC, en la direcci\u00f3n postal antes indicada.<\/p>\n\n\n\n<p>En los formularios de recogida de datos, los campos se\u00f1alados con asterisco o indicados expl\u00edcitamente como Obligatorios son obligatorios, por lo que en caso de que el usuario no facilite los datos correspondientes, ITC podr\u00e1, seg\u00fan su criterio, denegar el correspondiente servicio.<\/p>\n\n\n\n<p>D.) Descripci\u00f3n del servicio<\/p>\n\n\n\n<p>El Portal ofrece un servicio de informaci\u00f3n comercial y de venta, tanto mayorista como al detalle, de productos, servicios, accesorios y complementos vinculados al mundo de la alimentaci\u00f3n y las bebidas alcoh\u00f3licas, principalmente del vino, espumosos y destilados, en el sentido m\u00e1s amplio, excepto la venta en si de vinos, espumosos ni destilados.<\/p>\n\n\n\n<p>El acceso a la web es libre puesto que sus productos son aptos para su adquisici\u00f3n incluso por menores. Pese a ello, ITC excluye como usuarios registrados y clientes a personas que no tengan plena capacidad para contratar y\/o no posean mayor\u00eda de edad o edad legal suficiente para la compra o consumo de bebidas alcoh\u00f3licas. Si, por cualquier motivo, considera que esta exclusi\u00f3n le supone un perjuicio injustificado, por favor p\u00f3ngase en contacto con nosotros mediante las se\u00f1as indicadas en el punto anterior.<\/p>\n\n\n\n<p>El Portal es apto para la comercializaci\u00f3n de sus productos tanto a consumidores finales como para clientes que no tengan el car\u00e1cter legal de consumidor\/usuario. En consecuencia, algunas disposiciones en materia de consumo de las presentes condiciones pueden resultar inaplicables a aquellos clientes que interact\u00faen con el Portal con un fin relacionado con su actividad comercial, empresarial, oficio o profesi\u00f3n.<\/p>\n\n\n\n<p>En cualquier caso, y sin perjuicio de los diferentes mecanismos propios y de terceros que ITC pone a disposici\u00f3n para la mejor resoluci\u00f3n de cualquier eventual incidencia que pudiera surgir, se informa a los consumidores que la Comisi\u00f3n Europea facilita una plataforma gratuita de resoluci\u00f3n de litigios en l\u00ednea, la cual se encuentra disponible en enlace: <a href=\"https:\/\/ec.europa.eu\/consumers\/odr\/main\/index.cfm?event=main.home2.show&amp;lng=ES\" target=\"_blank\" rel=\"noreferrer noopener\">http:\/\/ec.europa.eu\/consumers\/odr\/<\/a>. Sin perjuicio de los derechos que les asistan, los consumidores podr\u00e1n, en su caso, someter sus reclamaciones a trav\u00e9s de la plataforma de resoluci\u00f3n de litigios en l\u00ednea.<\/p>\n\n\n\n<p>E.) Introducci\u00f3n de enlaces al Portal.<\/p>\n\n\n\n<p>El usuario de Internet que quiera introducir enlaces desde sus propias p\u00e1ginas web al Portal deber\u00e1 cumplir con las condiciones que se detallan a continuaci\u00f3n:<\/p>\n\n\n\n<p>\u00b7 El enlace \u00fanicamente vincular\u00e1 con la home page o p\u00e1gina principal del Portal pero no podr\u00e1 reproducirla de ninguna forma (inline links, copia de los textos, gr\u00e1ficos, etc).<\/p>\n\n\n\n<p>\u00b7 Queda prohibido establecer frames o marcos de cualquier tipo que envuelvan al Portal o permitan la visualizaci\u00f3n de sus contenidos a trav\u00e9s de direcciones de Internet distintas a las del propio Portal y, en cualquier caso, esta prohibici\u00f3n incluye tambi\u00e9n que se visualicen conjuntamente con contenidos ajenos al Portal, de forma que: (I) produzca error, confusi\u00f3n o enga\u00f1o en los usuarios sobre la verdadera procedencia de los contenidos; (II) suponga un acto de comparaci\u00f3n o imitaci\u00f3n desleal; (III) sirva para aprovecharse de la reputaci\u00f3n de la marca y el prestigio de ITC; o (IV) de cualquier otra forma resulte prohibido por la legislaci\u00f3n vigente o atente contra los usos y costumbres de buen hacer profesional que sean de general aceptaci\u00f3n en internet.<\/p>\n\n\n\n<p>\u00b7 No se realizar\u00e1 desde la p\u00e1gina que introduce el enlace ning\u00fan tipo de manifestaci\u00f3n falsa, inexacta o incorrecta sobre ITC, sus socios, empleados, clientes o sobre la calidad de los servicios que presta. En ning\u00fan caso se expresar\u00e1 en la p\u00e1gina donde se ubique el enlace que ITC ha prestado su consentimiento para la inserci\u00f3n del enlace o que de otra forma patrocina, colabora, verifica o supervisa los servicios del remitente.<\/p>\n\n\n\n<p>La p\u00e1gina que establezca el enlace deber\u00e1 cumplir fielmente con la ley y no podr\u00e1 en ning\u00fan caso disponer o enlazar con contenidos propios o de terceros que sean il\u00edcitos, nocivos o contrarios a la moral y a las buenas costumbres o que resulten inapropiados y entren en conflicto con la actividad de ITC.<\/p>\n\n\n\n<p>F.) P\u00e1ginas enlazadas.<\/p>\n\n\n\n<p>El Portal puede incluir dispositivos t\u00e9cnicos de enlace que permiten al Usuario acceder a otras p\u00e1ginas y portales de Internet (en adelante, \u00abP\u00e1ginas enlazadas\u00bb). En estos casos, ITC act\u00faa como prestador de servicios de intermediaci\u00f3n de conformidad con el art\u00edculo 17 de la Ley 32\/2002, de 12 de julio, de Servicios de la Sociedad de la Informaci\u00f3n y el Comercio Electr\u00f3nico (LSSI) y s\u00f3lo ser\u00e1 responsable de los contenidos y servicios suministrados en las P\u00e1ginas enlazadas en la medida en que tenga conocimiento efectivo de la ilicitud y no haya desactivado el enlace con la diligencia debida.<\/p>\n\n\n\n<p>ITC no conoce los contenidos y servicios de las P\u00e1ginas enlazadas y por tanto no se hace responsable por los da\u00f1os producidos por la ilicitud, calidad, indisponibilidad, error e inutilidad de los Sitios Enlazados ni por cualquier otro da\u00f1o que no sea directamente imputable a ITC.<\/p>\n\n\n\n<p>La funci\u00f3n de los links, o enlaces, que aparecen en esta p\u00e1gina es exclusivamente la de informar al usuario sobre la existencia de otras fuentes de informaci\u00f3n sobre la materia en Internet, donde podr\u00e1 ampliar o completar los datos ofrecidos en esta p\u00e1gina. ITC no ser\u00e1 responsable del resultado obtenido a trav\u00e9s de dichos enlaces.<\/p>\n\n\n\n<p>En todo caso ITC no asume responsabilidad alguna derivada de los contenidos enlazados desde la su p\u00e1gina web, ni garantiza la ausencia de virus u otros elementos en los mismos que puedan producir alteraciones en el sistema inform\u00e1tico (hardware y software), en los documentos o los ficheros del usuario, excluyendo cualquier responsabilidad por los da\u00f1os de cualquier clase causados al usuario por este motivo.<\/p>\n\n\n\n<p>Aunque los enlaces son supervisados regularmente para que no suceda, en el caso de que cualquier usuario o un tercero, considerara que el contenido o los servicios prestados por las p\u00e1ginas enlazadas son il\u00edcitos, vulneran valores o principios constitucionales, o lesionan bienes o derechos del propio usuario o de un tercero se ruega que se comunique inmediatamente a ITC dicha circunstancia, y especialmente si los enlaces consisten en:<\/p>\n\n\n\n<p>.- Actividades o contenidos susceptibles de ser considerados delictivos conforme la normativa penal espa\u00f1ola.<\/p>\n\n\n\n<p>.- Actividades o contenidos que violen derechos de propiedad intelectual o industrial. &#8211;<\/p>\n\n\n\n<p>.- Actividades o contenidos que pongan en peligro el orden p\u00fablico, la investigaci\u00f3n penal, la seguridad p\u00fablica y la defensa nacional.<\/p>\n\n\n\n<p>.- Actividades o contenidos que pongan en peligro la protecci\u00f3n de la salud p\u00fablica, el respeto a la dignidad de la persona, al principio de no discriminaci\u00f3n, la protecci\u00f3n de la salud y la infancia o cualquier otro valor o principio constitucional.<\/p>\n\n\n\n<p><a href=\"https:\/\/www.itraza.com\/inicio\/politica-de-cookies\/\" data-type=\"page\" data-id=\"170\">Leer Pol\u00edtica de Cookies<\/a><\/p>\n\n\n\n<p>G.) Seguridad.<\/p>\n\n\n\n<p>ITC no puede garantizar la invulnerabilidad absoluta de sus sistemas, por lo que excluye cualquier tipo de responsabilidad por da\u00f1os y perjuicios de toda naturaleza que puedan deberse a la presencia de virus u otros elementos que puedan producir alteraciones en el sistema inform\u00e1tico (software y hardware), documentos electr\u00f3nicos y ficheros del usuario o de cualquier tercero, incluyendo los que se produzcan en los servicios prestados por terceros a trav\u00e9s de este portal.<\/p>\n\n\n\n<p>Los usuarios quedan informados de que la utilizaci\u00f3n de los sistemas electr\u00f3nicos de transmisi\u00f3n de datos y el correo electr\u00f3nico no ofrecen garant\u00edas absolutas de seguridad. El usuario e ITC se exoneran mutuamente de cualquier responsabilidad derivada de hechos como la no recepci\u00f3n o la demora de la misma , el error o intercepci\u00f3n de las comunicaciones.<\/p>\n\n\n\n<p>H.) Renuncia de garant\u00edas y condiciones.<\/p>\n\n\n\n<p>Usted entiende y acepta expresamente que en la medida m\u00e1xima permitida por la ley aplicable, su uso de los servicios y cualquier producto ofrecido a trav\u00e9s de los servicios es bajo su propio riesgo, y los servicios y cualquier producto se proporcionan \u00abtal cual\u00bb y \u00abcomo son\u00bb. \u00abo seg\u00fan est\u00e9n disponibles\u00bb, con todas las fallas. En la medida m\u00e1xima permitida por la ley aplicable, las partes de la compa\u00f1\u00eda renuncia expresamente a todas las garant\u00edas, declaraciones y condiciones de cualquier tipo, ya sea expl\u00edcita o impl\u00edcita, incluyendo, entre otras, cualquier garant\u00eda relacionada con la disponibilidad, usabilidad, exactitud, precisi\u00f3n , exactitud, exhaustividad, integridad, utilidad o contenido de los servicios o informaci\u00f3n sobre los servicios, y las garant\u00edas o condiciones impl\u00edcitas de comerciabilidad, idoneidad para un fin determinado, t\u00edtulo y no violaci\u00f3n derivada del uso de los servicios y productos. Las partes de la empresa no asumen ninguna responsabilidad por la puntualidad, la eliminaci\u00f3n, la entrega incorrecta o la falta de almacenamiento de cualquier contenido, comunicaciones del usuario o configuraci\u00f3n de personalizaci\u00f3n. Las partes de la empresa no garantizan, declaran ni condicionan que: (a) los servicios o cualquier producto cumplir\u00e1n con sus requisitos o (b) su uso de los servicios ser\u00e1 ininterrumpido, oportuno, seguro o libre de errores. Si conf\u00eda en cualquier dato o informaci\u00f3n obtenida a trav\u00e9s de nuestros productos o servicios, lo hace bajo su propio riesgo. Usted es el \u00fanico responsable de cualquier da\u00f1o o p\u00e9rdida que resulte del uso de dichos datos o informaci\u00f3n. Nuestros productos y servicios se proporcionan bajo el entendimiento de que la compa\u00f1\u00eda y sus usuarios no est\u00e1n comprometidos en prestar servicios o consejos legales, t\u00e9cnicos, de consejer\u00eda u otros servicios profesionales. Nuestros productos y servicios no sustituyen los servicios o consejos profesionales. Busque el asesoramiento de profesionales, seg\u00fan corresponda, con respecto a la evaluaci\u00f3n de cualquier informaci\u00f3n espec\u00edfica, opini\u00f3n, consejo u otro contenido, incluyendo, entre otros, informaci\u00f3n financiera, cient\u00edfica o de estilo de vida, opini\u00f3n, consejo u otro contenido. Ciertas leyes estatales no permiten limitaciones en las garant\u00edas impl\u00edcitas. Si estas leyes se aplican a usted, algunas o todas las exenciones de responsabilidad, exclusiones y limitaciones anteriores pueden no aplicar a usted, y usted puede tener derechos adicionales. <\/p>\n\n\n\n<p>I.) Jurisdicci\u00f3n y nulidad e ineficacia de las Cl\u00e1usulas<\/p>\n\n\n\n<p><br>Estas Condiciones Generales est\u00e1n sujetas al derecho espa\u00f1ol. En caso de litigio relativo a las presentes Condiciones Generales, los tribunales de Aranda de Duero (Espa\u00f1a) tiene atribuidas las competencias exclusivas, salvo en caso de litigio con los no comerciantes (consumidores), para los que se aplican las normas competentes legales.<\/p>\n\n\n\n<p>Si cualquier cl\u00e1usula incluida en estas Condiciones de Uso fuese declarada, total o parcialmente, nula o ineficaz, tal nulidad o ineficacia afectar\u00e1 tan s\u00f3lo a dicha disposici\u00f3n o a la parte de la misma que resulte nula o ineficaz, subsistiendo las Condiciones de Uso en todo lo dem\u00e1s, teni\u00e9ndose tal disposici\u00f3n, o la parte de la misma que resultase afectada, por no puesta.<\/p>\n\n\n\n<p>Ninguna de las cl\u00e1usulas expuestas deber\u00e1 entenderse en sentido contrario o restrictivo al estipulado por la normativa imperativa que resulte de aplicaci\u00f3n en atenci\u00f3n a la normativa que resulte aplicable a ITC en materia defensa de consumidores o usuarios.<\/p>\n\n\n\n<p>Si usted requiere de asesoramiento t\u00e9cnico o cient\u00edfico, debe <a href=\"mailto:consultas@itccalidad.com?Subject=Asesoramiento t\u00e9cnico\" target=\"_blank\" rel=\"noreferrer noopener\">ponerse en contacto<\/a> con el servicio t\u00e9cnico a trav\u00e9s del formulario correspondiente.<\/p>\n\n\n\n<p>J.) Aceptaci\u00f3n de las condiciones generales.<\/p>\n\n\n\n<p>El contenido de itraza.com e itraza.es es solo para fines informativos y educativos. Nuestro sitio web no pretende ser un sustituto del consejo, diagn\u00f3stico o tratamiento profesional.<\/p>\n\n\n\n<p>La informaci\u00f3n provista en este sitio web no constituye, ni pretende constituir asesoramiento t\u00e9cnico; toda la informaci\u00f3n, el contenido y los materiales disponibles en este sitio son solo para fines informativos generales. La informaci\u00f3n en este sitio web puede no constituir la informaci\u00f3n t\u00e9cnica o de otro tipo m\u00e1s actualizada.<\/p>\n\n\n\n<p>Si usted requiere de asesoramiento t\u00e9cnico o cient\u00edfico, debe <a href=\"mailto:consultas@itccalidad.com?Subject=Asesoramiento t\u00e9cnico\" target=\"_blank\" rel=\"noreferrer noopener\">ponerse en contacto<\/a> con el servicio t\u00e9cnico a trav\u00e9s del formulario correspondiente.<\/p>\n\n\n\n<p>El Usuario se compromete a utilizar el Portal y los servicios de conformidad con la Ley y estas Condiciones Generales, as\u00ed como con la moral y buenas costumbres generalmente aceptadas y el orden p\u00fablico, respondiendo frente a ITC o frente a terceros de cualesquiera da\u00f1os y perjuicios que pudieran causarse como consecuencia del incumplimiento de dicha obligaci\u00f3n.<\/p>\n\n\n\n\n\n<p><a href=\"https:\/\/www.itraza.com\/inicio\/politica-de-cookies\/\" data-type=\"page\" data-id=\"170\">Leer Pol\u00edtica de Cookies<\/a><\/p>\n\n\n\n<p><\/p>\n","protected":false},"excerpt":{"rendered":"<p>Las presentes Condiciones Generales (T\u00e9rminos y Condiciones) regulan el uso del Portal de Internet iTraza.com, iTraza.es y todos los subdominios relativos a estas ra\u00edces, que ITC Calidad y Medio Ambiente S.L. (en adelante, ITC) pone a disposici\u00f3n de los usuarios de Internet (en adelante, el Portal). La utilizaci\u00f3n del Portal implica la aceptaci\u00f3n de las [&hellip;]<\/p>\n","protected":false},"author":2,"featured_media":0,"parent":0,"menu_order":0,"comment_status":"closed","ping_status":"closed","template":"","meta":{"footnotes":""},"class_list":["post-205","page","type-page","status-publish","hentry"],"_links":{"self":[{"href":"https:\/\/www.itraza.com\/index.php?rest_route=\/wp\/v2\/pages\/205","targetHints":{"allow":["GET"]}}],"collection":[{"href":"https:\/\/www.itraza.com\/index.php?rest_route=\/wp\/v2\/pages"}],"about":[{"href":"https:\/\/www.itraza.com\/index.php?rest_route=\/wp\/v2\/types\/page"}],"author":[{"embeddable":true,"href":"https:\/\/www.itraza.com\/index.php?rest_route=\/wp\/v2\/users\/2"}],"replies":[{"embeddable":true,"href":"https:\/\/www.itraza.com\/index.php?rest_route=%2Fwp%2Fv2%2Fcomments&post=205"}],"version-history":[{"count":1,"href":"https:\/\/www.itraza.com\/index.php?rest_route=\/wp\/v2\/pages\/205\/revisions"}],"predecessor-version":[{"id":206,"href":"https:\/\/www.itraza.com\/index.php?rest_route=\/wp\/v2\/pages\/205\/revisions\/206"}],"wp:attachment":[{"href":"https:\/\/www.itraza.com\/index.php?rest_route=%2Fwp%2Fv2%2Fmedia&parent=205"}],"curies":[{"name":"wp","href":"https:\/\/api.w.org\/{rel}","templated":true}]}}