{"id":213,"date":"2025-01-16T17:14:33","date_gmt":"2025-01-16T16:14:33","guid":{"rendered":"https:\/\/www.itraza.com\/?page_id=213"},"modified":"2025-01-17T08:40:33","modified_gmt":"2025-01-17T07:40:33","slug":"contacto","status":"publish","type":"page","link":"https:\/\/www.itraza.com\/?page_id=213","title":{"rendered":"Contacto"},"content":{"rendered":"\n<h2 class=\"wp-block-heading\"><span><span>Contact<\/span><\/span>o<\/h2>\n\n\n\n<p class=\"has-base-2-color has-contrast-2-background-color has-text-color has-background has-link-color wp-elements-8467d5a5173b520df71bb2e8e6d580b5\">\u00bfC\u00f3mo podemos ayudarte? \u00bfLe\u00edste nuestra <a href=\"https:\/\/www.itraza.com\/?page_id=234\" data-type=\"page\" data-id=\"234\">P\u00e1gina de Preguntas y Respuestas<\/a> y sigues con dudas? Si tienes alguna idea, estaremos encantados de escucharte. Compartir es importante para nosotros, as\u00ed que utiliza este formulario ya. Revisaremos tu mensaje y te daremos nuestra opini\u00f3n.<\/p>\n\n\n\n<p class=\"has-base-2-color has-contrast-2-background-color has-text-color has-background has-link-color wp-elements-2a4faa8793e750f21a3b463702ac9907\">No olvides rellenar las casillas de verificaci\u00f3n correspondientes, adjuntando en el Mensaje las necesidades espec\u00edficas y marcar la Aceptaci\u00f3n de la Pol\u00edtica de Privacidad y los T\u00e9rminos y Condiciones.<\/p>\n\n\n\n<div class=\"forminator-guttenberg\"><form id=\"forminator-module-217\" class=\"forminator-custom-form forminator-custom-form-217\" method=\"post\" data-forminator-render=\"0\" data-uid=\"69f9e3ed2b7c2\"><div role=\"alert\" aria-live=\"polite\" class=\"forminator-response-message forminator-error\" aria-hidden=\"true\"><\/div><\/form><\/div>\n\n\n\n<p><\/p>\n","protected":false},"excerpt":{"rendered":"<p>Contacto \u00bfC\u00f3mo podemos ayudarte? \u00bfLe\u00edste nuestra P\u00e1gina de Preguntas y Respuestas y sigues con dudas? Si tienes alguna idea, estaremos encantados de escucharte. Compartir es importante para nosotros, as\u00ed que utiliza este formulario ya. Revisaremos tu mensaje y te daremos nuestra opini\u00f3n. No olvides rellenar las casillas de verificaci\u00f3n correspondientes, adjuntando en el Mensaje las [&hellip;]<\/p>\n","protected":false},"author":2,"featured_media":0,"parent":0,"menu_order":0,"comment_status":"closed","ping_status":"closed","template":"","meta":{"footnotes":""},"class_list":["post-213","page","type-page","status-publish","hentry"],"_links":{"self":[{"href":"https:\/\/www.itraza.com\/index.php?rest_route=\/wp\/v2\/pages\/213","targetHints":{"allow":["GET"]}}],"collection":[{"href":"https:\/\/www.itraza.com\/index.php?rest_route=\/wp\/v2\/pages"}],"about":[{"href":"https:\/\/www.itraza.com\/index.php?rest_route=\/wp\/v2\/types\/page"}],"author":[{"embeddable":true,"href":"https:\/\/www.itraza.com\/index.php?rest_route=\/wp\/v2\/users\/2"}],"replies":[{"embeddable":true,"href":"https:\/\/www.itraza.com\/index.php?rest_route=%2Fwp%2Fv2%2Fcomments&post=213"}],"version-history":[{"count":3,"href":"https:\/\/www.itraza.com\/index.php?rest_route=\/wp\/v2\/pages\/213\/revisions"}],"predecessor-version":[{"id":241,"href":"https:\/\/www.itraza.com\/index.php?rest_route=\/wp\/v2\/pages\/213\/revisions\/241"}],"wp:attachment":[{"href":"https:\/\/www.itraza.com\/index.php?rest_route=%2Fwp%2Fv2%2Fmedia&parent=213"}],"curies":[{"name":"wp","href":"https:\/\/api.w.org\/{rel}","templated":true}]}}